{"id":1772,"date":"2015-10-29T13:59:58","date_gmt":"2015-10-29T12:59:58","guid":{"rendered":"http:\/\/zgingi.ch\/projects\/swiss-sherpa\/?page_id=1772"},"modified":"2021-11-04T09:25:12","modified_gmt":"2021-11-04T08:25:12","slug":"vin-sherpa","status":"publish","type":"page","link":"http:\/\/swiss-sherpa.org\/fr\/vin-sherpa\/","title":{"rendered":"Vin Sherpa"},"content":{"rendered":"<p>[et_pb_section fb_built=\u00a0\u00bb1&Prime; custom_padding_last_edited=\u00a0\u00bbon|desktop\u00a0\u00bb admin_label=\u00a0\u00bbsection\u00a0\u00bb _builder_version=\u00a0\u00bb3.22&Prime; custom_padding=\u00a0\u00bb||15px|\u00a0\u00bb custom_padding_tablet=\u00a0\u00bb50px|0|50px|0&Prime; custom_padding_phone=\u00a0\u00bb\u00a0\u00bb transparent_background=\u00a0\u00bboff\u00a0\u00bb padding_mobile=\u00a0\u00bboff\u00a0\u00bb make_fullwidth=\u00a0\u00bboff\u00a0\u00bb use_custom_width=\u00a0\u00bboff\u00a0\u00bb width_unit=\u00a0\u00bbon\u00a0\u00bb][et_pb_row padding_mobile=\u00a0\u00bboff\u00a0\u00bb column_padding_mobile=\u00a0\u00bbon\u00a0\u00bb admin_label=\u00a0\u00bbZeile\u00a0\u00bb _builder_version=\u00a0\u00bb3.25&Prime; background_size=\u00a0\u00bbinitial\u00a0\u00bb background_position=\u00a0\u00bbtop_left\u00a0\u00bb background_repeat=\u00a0\u00bbrepeat\u00a0\u00bb custom_padding=\u00a0\u00bb10px||10px|\u00a0\u00bb make_fullwidth=\u00a0\u00bboff\u00a0\u00bb use_custom_width=\u00a0\u00bboff\u00a0\u00bb width_unit=\u00a0\u00bbon\u00a0\u00bb][et_pb_column type=\u00a0\u00bb4_4&Prime; _builder_version=\u00a0\u00bb3.25&Prime; custom_padding=\u00a0\u00bb|||\u00a0\u00bb custom_padding__hover=\u00a0\u00bb|||\u00a0\u00bb][et_pb_text admin_label=\u00a0\u00bbText\u00a0\u00bb _builder_version=\u00a0\u00bb4.9.0&Prime; text_font_size=\u00a0\u00bb52&Prime; background_size=\u00a0\u00bbinitial\u00a0\u00bb background_position=\u00a0\u00bbtop_left\u00a0\u00bb background_repeat=\u00a0\u00bbrepeat\u00a0\u00bb use_border_color=\u00a0\u00bboff\u00a0\u00bb border_color=\u00a0\u00bb#ffffff\u00a0\u00bb border_style=\u00a0\u00bbsolid\u00a0\u00bb]<\/p>\n<h1 style=\"text-align: center;\"><span style=\"color: #000000;\">Les vins Sherpa<\/span><\/h1>\n<p>[\/et_pb_text][\/et_pb_column][\/et_pb_row][et_pb_row column_structure=\u00a0\u00bb1_3,1_3,1_3&Prime; _builder_version=\u00a0\u00bb4.9.0&Prime; _module_preset=\u00a0\u00bbdefault\u00a0\u00bb][et_pb_column type=\u00a0\u00bb1_3&Prime; _builder_version=\u00a0\u00bb4.9.0&Prime; _module_preset=\u00a0\u00bbdefault\u00a0\u00bb][et_pb_image src=\u00a0\u00bbhttp:\/\/swiss-sherpa.org\/fr\/wp-content\/uploads\/sites\/3\/2021\/05\/WhatsApp-Image-2021-05-14-at-10.17.04.jpeg\u00a0\u00bb title_text=\u00a0\u00bbWhatsApp Image 2021-05-14 at 10.17.04&Prime; _builder_version=\u00a0\u00bb4.9.0&Prime; _module_preset=\u00a0\u00bbdefault\u00a0\u00bb][\/et_pb_image][\/et_pb_column][et_pb_column type=\u00a0\u00bb1_3&Prime; _builder_version=\u00a0\u00bb4.9.0&Prime; _module_preset=\u00a0\u00bbdefault\u00a0\u00bb][et_pb_text _builder_version=\u00a0\u00bb4.9.0&Prime; _module_preset=\u00a0\u00bbdefault\u00a0\u00bb]<\/p>\n<p>&nbsp;<\/p>\n<p>Sherpa Everest Wine reached the summit of Mount Everest on May 12th, 2021 with Dendi Sherpa. The new Sherpa Wine was baptised on top of Mount Everest.<\/p>\n<p>Avec Dendi en 2008 il y avait Pitsch, Kari et Patrick qui \u00e9tait sur l&rsquo;Everest. C&rsquo;est la ou l&rsquo;id\u00e9e de la fondation Swiss Sherpa \u00e9tait n\u00e9. ???<\/p>\n<p>[\/et_pb_text][\/et_pb_column][et_pb_column type=\u00a0\u00bb1_3&Prime; _builder_version=\u00a0\u00bb4.9.0&Prime; _module_preset=\u00a0\u00bbdefault\u00a0\u00bb][et_pb_image src=\u00a0\u00bbhttp:\/\/swiss-sherpa.org\/fr\/wp-content\/uploads\/sites\/3\/2021\/05\/WhatsApp-Image-2021-05-02-at-15.14.51.jpeg\u00a0\u00bb title_text=\u00a0\u00bbWhatsApp Image 2021-05-02 at 15.14.51&Prime; _builder_version=\u00a0\u00bb4.9.0&Prime; _module_preset=\u00a0\u00bbdefault\u00a0\u00bb][\/et_pb_image][\/et_pb_column][\/et_pb_row][et_pb_row admin_label=\u00a0\u00bbZeile\u00a0\u00bb _builder_version=\u00a0\u00bb3.25&Prime; background_size=\u00a0\u00bbinitial\u00a0\u00bb background_position=\u00a0\u00bbtop_left\u00a0\u00bb background_repeat=\u00a0\u00bbrepeat\u00a0\u00bb][et_pb_column type=\u00a0\u00bb4_4&Prime; _builder_version=\u00a0\u00bb3.25&Prime; custom_padding=\u00a0\u00bb|||\u00a0\u00bb custom_padding__hover=\u00a0\u00bb|||\u00a0\u00bb][et_pb_image src=\u00a0\u00bbhttp:\/\/swiss-sherpa.org\/fr\/wp-content\/uploads\/sites\/3\/2015\/10\/Sherpa_Collection_Flyer_200325.jpg\u00a0\u00bb url=\u00a0\u00bbhttps:\/\/chevaliers.ch\/fr\/product-category\/sherpa-wine\/\u00a0\u00bb url_new_window=\u00a0\u00bbon\u00a0\u00bb align=\u00a0\u00bbcenter\u00a0\u00bb align_tablet=\u00a0\u00bbcenter\u00a0\u00bb align_phone=\u00a0\u00bb\u00a0\u00bb align_last_edited=\u00a0\u00bbon|desktop\u00a0\u00bb admin_label=\u00a0\u00bbBild\u00a0\u00bb _builder_version=\u00a0\u00bb4.9.0&Prime; animation_style=\u00a0\u00bbslide\u00a0\u00bb animation_direction=\u00a0\u00bbleft\u00a0\u00bb animation_duration=\u00a0\u00bb500ms\u00a0\u00bb animation_intensity_slide=\u00a0\u00bb10%\u00a0\u00bb use_border_color=\u00a0\u00bboff\u00a0\u00bb border_color=\u00a0\u00bb#ffffff\u00a0\u00bb border_style=\u00a0\u00bbsolid\u00a0\u00bb animation=\u00a0\u00bbleft\u00a0\u00bb sticky=\u00a0\u00bboff\u00a0\u00bb always_center_on_mobile=\u00a0\u00bbon\u00a0\u00bb] [\/et_pb_image][\/et_pb_column][\/et_pb_row][et_pb_row admin_label=\u00a0\u00bbZeile\u00a0\u00bb _builder_version=\u00a0\u00bb3.25&Prime; background_size=\u00a0\u00bbinitial\u00a0\u00bb background_position=\u00a0\u00bbtop_left\u00a0\u00bb background_repeat=\u00a0\u00bbrepeat\u00a0\u00bb][et_pb_column type=\u00a0\u00bb4_4&Prime; _builder_version=\u00a0\u00bb3.25&Prime; custom_padding=\u00a0\u00bb|||\u00a0\u00bb custom_padding__hover=\u00a0\u00bb|||\u00a0\u00bb][et_pb_text admin_label=\u00a0\u00bbText\u00a0\u00bb _builder_version=\u00a0\u00bb4.9.0&Prime; text_font_size=\u00a0\u00bb17&Prime; background_size=\u00a0\u00bbinitial\u00a0\u00bb background_position=\u00a0\u00bbtop_left\u00a0\u00bb background_repeat=\u00a0\u00bbrepeat\u00a0\u00bb text_orientation=\u00a0\u00bbcenter\u00a0\u00bb module_alignment=\u00a0\u00bbcenter\u00a0\u00bb use_border_color=\u00a0\u00bboff\u00a0\u00bb border_color=\u00a0\u00bb#ffffff\u00a0\u00bb border_style=\u00a0\u00bbsolid\u00a0\u00bb]<\/p>\n<h1>Sherpa \u2013\u00a0des vins qui r\u00e9unissent les hommes<\/h1>\n<p>Ces vins \u201eSherpa\u201c\u00a0racontent l&rsquo;histoire d&rsquo;une exp\u00e9dition particuli\u00e8re \u00e0 l\u2019Everest. Ils sont d\u00e9di\u00e9s aux Sherpas. Que avec leur aide les alpinistes se peuvent retrouver sur le toit du monde &#8211; le Mount Everest.<\/p>\n<p><strong>Le vin\u00a0Sherpa est\u00a0un hommage aux Sherpas et un franc par bouteille vendue est attribu\u00e9 \u00e0 la Fondation Swiss Sherpa.<\/strong><\/p>\n<p>Les \u201edrapeaux de pri\u00e8re\u201c jouent un r\u00f4le essentiel dans la vie des Sherpas. On les trouve presque sur tous les cols et cimes de leur pays. Ils flottent au vent et transportent ainsi les pri\u00e8res et les souhaits jusqu\u2019au ciel.<\/p>\n<p>Domaines Chevaliers a cr\u00e9\u00e9 une \u00e9tiquette \u201edrapeau de pri\u00e8re\u201c sp\u00e9cialement pour sa bouteille Sherpa.<\/p>\n<p>Seul le \u201eCheval dans le Vent\u201c au centre a \u00e9t\u00e9 repris de l\u2019original. Les quatre images dans les angles symbolisent quatre rencontres m\u00e9morables que Patrick Z\u2019Brun a v\u00e9cues avec les Sherpas, qui m\u00e9ritent sa gratitude. Le texte raconte en \u00e9criture n\u00e9palaise son ascension au Mont Everest.<\/p>\n<p>[\/et_pb_text][et_pb_image src=\u00a0\u00bbhttp:\/\/swiss-sherpa.org\/fr\/wp-content\/uploads\/sites\/3\/2015\/10\/beschreibung-ettikete.png\u00a0\u00bb alt=\u00a0\u00bbimages \u00e9tiquette\u00a0\u00bb title_text=\u00a0\u00bb4 images drapeau de pri\u00e8re\u00a0\u00bb show_bottom_space=\u00a0\u00bboff\u00a0\u00bb align=\u00a0\u00bbcenter\u00a0\u00bb align_tablet=\u00a0\u00bbcenter\u00a0\u00bb align_phone=\u00a0\u00bb\u00a0\u00bb align_last_edited=\u00a0\u00bbon|desktop\u00a0\u00bb admin_label=\u00a0\u00bbBild\u00a0\u00bb _builder_version=\u00a0\u00bb3.23&Prime; use_border_color=\u00a0\u00bboff\u00a0\u00bb border_color=\u00a0\u00bb#ffffff\u00a0\u00bb border_style=\u00a0\u00bbsolid\u00a0\u00bb sticky=\u00a0\u00bbon\u00a0\u00bb always_center_on_mobile=\u00a0\u00bbon\u00a0\u00bb] [\/et_pb_image][\/et_pb_column][\/et_pb_row][\/et_pb_section][et_pb_section fb_built=\u00a0\u00bb1&Prime; _builder_version=\u00a0\u00bb4.9.0&Prime; _module_preset=\u00a0\u00bbdefault\u00a0\u00bb][et_pb_row column_structure=\u00a0\u00bb1_2,1_2&Prime; _builder_version=\u00a0\u00bb4.9.0&Prime; _module_preset=\u00a0\u00bbdefault\u00a0\u00bb][et_pb_column type=\u00a0\u00bb1_2&Prime; _builder_version=\u00a0\u00bb4.9.0&Prime; _module_preset=\u00a0\u00bbdefault\u00a0\u00bb][et_pb_button button_text=\u00a0\u00bbComander les vins Sherpa\u00a0\u00bb button_alignment=\u00a0\u00bbright\u00a0\u00bb _builder_version=\u00a0\u00bb4.9.0&Prime; _module_preset=\u00a0\u00bbdefault\u00a0\u00bb custom_button=\u00a0\u00bbon\u00a0\u00bb button_text_color=\u00a0\u00bb#0C71C3&Prime;][\/et_pb_button][\/et_pb_column][et_pb_column type=\u00a0\u00bb1_2&Prime; _builder_version=\u00a0\u00bb4.9.0&Prime; _module_preset=\u00a0\u00bbdefault\u00a0\u00bb][et_pb_image src=\u00a0\u00bbhttp:\/\/swiss-sherpa.org\/fr\/wp-content\/uploads\/sites\/3\/2015\/10\/Sherpa_Collection_200317_Web.jpg\u00a0\u00bb title_text=\u00a0\u00bbSherpa_Collection\u00a0\u00bb url=\u00a0\u00bbhttps:\/\/chevaliers.ch\/fr\/product-category\/sherpa-wine\/\u00a0\u00bb url_new_window=\u00a0\u00bbon\u00a0\u00bb _builder_version=\u00a0\u00bb4.9.0&Prime; _module_preset=\u00a0\u00bbdefault\u00a0\u00bb width=\u00a0\u00bb53%\u00a0\u00bb][\/et_pb_image][\/et_pb_column][\/et_pb_row][\/et_pb_section][et_pb_section fb_built=\u00a0\u00bb1&Prime; specialty=\u00a0\u00bbon\u00a0\u00bb custom_padding_last_edited=\u00a0\u00bbon|desktop\u00a0\u00bb parallax_method_1=\u00a0\u00bboff\u00a0\u00bb parallax_method_2=\u00a0\u00bboff\u00a0\u00bb admin_label=\u00a0\u00bbSektion\u00a0\u00bb _builder_version=\u00a0\u00bb3.22&Prime; custom_padding=\u00a0\u00bb0px||0px|\u00a0\u00bb custom_padding_tablet=\u00a0\u00bb50px|0|50px|0&Prime; custom_padding_phone=\u00a0\u00bb\u00a0\u00bb transparent_background=\u00a0\u00bboff\u00a0\u00bb padding_mobile=\u00a0\u00bboff\u00a0\u00bb make_fullwidth=\u00a0\u00bboff\u00a0\u00bb use_custom_width=\u00a0\u00bboff\u00a0\u00bb width_unit=\u00a0\u00bbon\u00a0\u00bb][et_pb_column type=\u00a0\u00bb1_4&Prime; _builder_version=\u00a0\u00bb3.25&Prime; custom_padding=\u00a0\u00bb|||\u00a0\u00bb custom_padding__hover=\u00a0\u00bb|||\u00a0\u00bb][\/et_pb_column][et_pb_column type=\u00a0\u00bb3_4&Prime; specialty_columns=\u00a0\u00bb3&Prime; _builder_version=\u00a0\u00bb3.25&Prime; custom_padding=\u00a0\u00bb|||\u00a0\u00bb custom_padding__hover=\u00a0\u00bb|||\u00a0\u00bb][\/et_pb_column][\/et_pb_section]<\/p>\n","protected":false},"excerpt":{"rendered":"<p>Les vins Sherpa&nbsp; Sherpa Everest Wine reached the summit of Mount Everest on May 12th, 2021 with Dendi Sherpa. The new Sherpa Wine was baptised on top of Mount Everest. Avec Dendi en 2008 il y avait Pitsch, Kari et Patrick qui \u00e9tait sur l&rsquo;Everest. C&rsquo;est la ou l&rsquo;id\u00e9e de la fondation Swiss Sherpa \u00e9tait [&hellip;]<\/p>\n","protected":false},"author":5,"featured_media":0,"parent":0,"menu_order":0,"comment_status":"closed","ping_status":"closed","template":"","meta":{"_et_pb_use_builder":"on","_et_pb_old_content":"","_et_gb_content_width":"","footnotes":""},"_links":{"self":[{"href":"http:\/\/swiss-sherpa.org\/fr\/wp-json\/wp\/v2\/pages\/1772"}],"collection":[{"href":"http:\/\/swiss-sherpa.org\/fr\/wp-json\/wp\/v2\/pages"}],"about":[{"href":"http:\/\/swiss-sherpa.org\/fr\/wp-json\/wp\/v2\/types\/page"}],"author":[{"embeddable":true,"href":"http:\/\/swiss-sherpa.org\/fr\/wp-json\/wp\/v2\/users\/5"}],"replies":[{"embeddable":true,"href":"http:\/\/swiss-sherpa.org\/fr\/wp-json\/wp\/v2\/comments?post=1772"}],"version-history":[{"count":17,"href":"http:\/\/swiss-sherpa.org\/fr\/wp-json\/wp\/v2\/pages\/1772\/revisions"}],"predecessor-version":[{"id":2482,"href":"http:\/\/swiss-sherpa.org\/fr\/wp-json\/wp\/v2\/pages\/1772\/revisions\/2482"}],"wp:attachment":[{"href":"http:\/\/swiss-sherpa.org\/fr\/wp-json\/wp\/v2\/media?parent=1772"}],"curies":[{"name":"wp","href":"https:\/\/api.w.org\/{rel}","templated":true}]}}