{"id":1389,"date":"2015-10-16T12:39:42","date_gmt":"2015-10-16T10:39:42","guid":{"rendered":"http:\/\/zgingi.ch\/projects\/swiss-sherpa\/?page_id=1389"},"modified":"2017-03-08T12:36:44","modified_gmt":"2017-03-08T11:36:44","slug":"projekte","status":"publish","type":"page","link":"http:\/\/swiss-sherpa.org\/fr\/projekte\/","title":{"rendered":"Projets"},"content":{"rendered":"<p>[et_pb_section admin_label=\u00a0\u00bbSektion\u00a0\u00bb fullwidth=\u00a0\u00bbon\u00a0\u00bb specialty=\u00a0\u00bboff\u00a0\u00bb transparent_background=\u00a0\u00bboff\u00a0\u00bb allow_player_pause=\u00a0\u00bboff\u00a0\u00bb inner_shadow=\u00a0\u00bboff\u00a0\u00bb parallax=\u00a0\u00bboff\u00a0\u00bb parallax_method=\u00a0\u00bboff\u00a0\u00bb padding_mobile=\u00a0\u00bboff\u00a0\u00bb make_fullwidth=\u00a0\u00bbon\u00a0\u00bb use_custom_width=\u00a0\u00bbon\u00a0\u00bb width_unit=\u00a0\u00bbon\u00a0\u00bb make_equal=\u00a0\u00bbon\u00a0\u00bb use_custom_gutter=\u00a0\u00bbon\u00a0\u00bb custom_width_px=\u00a0\u00bb2336px\u00a0\u00bb background_image=\u00a0\u00bbhttp:\/\/swiss-sherpa.org\/fr\/wp-content\/uploads\/sites\/3\/2015\/08\/001-1001062.jpg\u00a0\u00bb background_color=\u00a0\u00bb#ffffff\u00a0\u00bb][et_pb_fullwidth_header admin_label=\u00a0\u00bbVollbreite Kopfzeile Projekte\u00a0\u00bb title=\u00a0\u00bbNos projets\u00a0\u00bb background_layout=\u00a0\u00bblight\u00a0\u00bb text_orientation=\u00a0\u00bbcenter\u00a0\u00bb header_fullscreen=\u00a0\u00bboff\u00a0\u00bb header_scroll_down=\u00a0\u00bboff\u00a0\u00bb parallax=\u00a0\u00bbon\u00a0\u00bb parallax_method=\u00a0\u00bboff\u00a0\u00bb content_orientation=\u00a0\u00bbcenter\u00a0\u00bb image_orientation=\u00a0\u00bbcenter\u00a0\u00bb custom_button_one=\u00a0\u00bboff\u00a0\u00bb button_one_letter_spacing=\u00a0\u00bb0&Prime; button_one_use_icon=\u00a0\u00bbdefault\u00a0\u00bb button_one_icon_placement=\u00a0\u00bbright\u00a0\u00bb button_one_on_hover=\u00a0\u00bbon\u00a0\u00bb button_one_letter_spacing_hover=\u00a0\u00bb0&Prime; custom_button_two=\u00a0\u00bboff\u00a0\u00bb button_two_letter_spacing=\u00a0\u00bb0&Prime; button_two_use_icon=\u00a0\u00bbdefault\u00a0\u00bb button_two_icon_placement=\u00a0\u00bbright\u00a0\u00bb button_two_on_hover=\u00a0\u00bbon\u00a0\u00bb button_two_letter_spacing_hover=\u00a0\u00bb0&Prime; title_font=\u00a0\u00bb|on|||\u00a0\u00bb title_font_color=\u00a0\u00bb#000000&Prime; title_font_size=\u00a0\u00bb48px\u00a0\u00bb scroll_down_icon=\u00a0\u00bb%%4%%\u00a0\u00bb background_overlay_color=\u00a0\u00bbrgba(153,153,153,0.52)\u00a0\u00bb scroll_down_icon_color=\u00a0\u00bb#000000&Prime; background_url=\u00a0\u00bbhttp:\/\/swiss-sherpa.org\/fr\/wp-content\/uploads\/sites\/3\/2015\/08\/001-1001062.jpg\u00a0\u00bb background_color=\u00a0\u00bb#bcbcbc\u00a0\u00bb] [\/et_pb_fullwidth_header][\/et_pb_section][et_pb_section admin_label=\u00a0\u00bbSektion\u00a0\u00bb fullwidth=\u00a0\u00bboff\u00a0\u00bb specialty=\u00a0\u00bboff\u00a0\u00bb transparent_background=\u00a0\u00bboff\u00a0\u00bb allow_player_pause=\u00a0\u00bboff\u00a0\u00bb inner_shadow=\u00a0\u00bboff\u00a0\u00bb parallax=\u00a0\u00bboff\u00a0\u00bb parallax_method=\u00a0\u00bboff\u00a0\u00bb padding_mobile=\u00a0\u00bboff\u00a0\u00bb make_fullwidth=\u00a0\u00bboff\u00a0\u00bb use_custom_width=\u00a0\u00bboff\u00a0\u00bb width_unit=\u00a0\u00bbon\u00a0\u00bb make_equal=\u00a0\u00bboff\u00a0\u00bb use_custom_gutter=\u00a0\u00bboff\u00a0\u00bb gutter_width=\u00a0\u00bb3&Prime; custom_padding=\u00a0\u00bb||0px|\u00a0\u00bb][et_pb_row admin_label=\u00a0\u00bbZeile\u00a0\u00bb][et_pb_column type=\u00a0\u00bb2_3&Prime;][et_pb_divider admin_label=\u00a0\u00bbTeiler\u00a0\u00bb color=\u00a0\u00bb#ffffff\u00a0\u00bb show_divider=\u00a0\u00bboff\u00a0\u00bb height=\u00a0\u00bb2&Prime; divider_style=\u00a0\u00bbsolid\u00a0\u00bb divider_position=\u00a0\u00bbtop\u00a0\u00bb divider_weight=\u00a0\u00bb1&Prime; hide_on_mobile=\u00a0\u00bbon\u00a0\u00bb] [\/et_pb_divider][et_pb_text admin_label=\u00a0\u00bbun peu d&rsquo;histoire\u00a0\u00bb background_layout=\u00a0\u00bblight\u00a0\u00bb text_orientation=\u00a0\u00bbjustified\u00a0\u00bb text_font_size=\u00a0\u00bb16&Prime; use_border_color=\u00a0\u00bboff\u00a0\u00bb border_color=\u00a0\u00bb#ffffff\u00a0\u00bb border_style=\u00a0\u00bbsolid\u00a0\u00bb custom_padding=\u00a0\u00bb15px|||\u00a0\u00bb]<\/p>\n<h3><strong>Un peu d&rsquo;histoire\u00a0&#8230;<\/strong><\/h3>\n<p>L\u2019histoire des sherpas rappelle celle des premiers guides de montagne valaisans. Quand les premiers Anglais sont venus escalader les sommets alors jamais gravis de 3000 et 4000 m\u00e8tres, il y a plus de deux cents ans, \u00e0 l\u2019\u00e2ge d\u2019or de l\u2019alpinisme, ils ont engag\u00e9 des jeunes hommes forts des villages alentours. Ils les ont engag\u00e9s d\u2019une part en tant que porteurs, et d\u2019autre part en tant qu\u2019accompagnateurs cherchant les chemins les plus ad\u00e9quats. De l\u00e0 sont n\u00e9s les premiers guides de montagne. Beaucoup d\u2019entre eux ont \u00e9t\u00e9 couverts de gloire, mais jamais autant que les personnalit\u00e9s anglaises. Gr\u00e2ce \u00e0 ce travail, beaucoup ont bien gagn\u00e9 leur vie, mais nombreux sont ceux qui y ont \u00e9galement perdu leur vie. Les premiers guides de montagne ont jou\u00e9 un r\u00f4le consid\u00e9rable dans le d\u00e9veloppement touristique des vall\u00e9es alpines.<\/p>\n<p>La situation des sherpas et de certains peuples de montagne \u00e0 l\u2019heure actuelle est tr\u00e8s similaire et donc facilement comparable.<\/p>\n<p>[\/et_pb_text][\/et_pb_column][et_pb_column type=\u00a0\u00bb1_3&Prime;][et_pb_image admin_label=\u00a0\u00bbBild\u00a0\u00bb src=\u00a0\u00bbhttp:\/\/swiss-sherpa.org\/fr\/wp-content\/uploads\/sites\/3\/2015\/10\/Huteggen-Xandi.jpg\u00a0\u00bb show_in_lightbox=\u00a0\u00bboff\u00a0\u00bb url_new_window=\u00a0\u00bboff\u00a0\u00bb animation=\u00a0\u00bbleft\u00a0\u00bb sticky=\u00a0\u00bboff\u00a0\u00bb align=\u00a0\u00bbleft\u00a0\u00bb force_fullwidth=\u00a0\u00bboff\u00a0\u00bb always_center_on_mobile=\u00a0\u00bbon\u00a0\u00bb use_border_color=\u00a0\u00bboff\u00a0\u00bb border_color=\u00a0\u00bb#ffffff\u00a0\u00bb border_style=\u00a0\u00bbsolid\u00a0\u00bb] [\/et_pb_image][\/et_pb_column][\/et_pb_row][\/et_pb_section][et_pb_section admin_label=\u00a0\u00bbSektion\u00a0\u00bb fullwidth=\u00a0\u00bboff\u00a0\u00bb specialty=\u00a0\u00bboff\u00a0\u00bb transparent_background=\u00a0\u00bboff\u00a0\u00bb allow_player_pause=\u00a0\u00bboff\u00a0\u00bb inner_shadow=\u00a0\u00bboff\u00a0\u00bb parallax=\u00a0\u00bboff\u00a0\u00bb parallax_method=\u00a0\u00bboff\u00a0\u00bb custom_padding=\u00a0\u00bb0px||0px|\u00a0\u00bb padding_mobile=\u00a0\u00bboff\u00a0\u00bb make_fullwidth=\u00a0\u00bboff\u00a0\u00bb use_custom_width=\u00a0\u00bboff\u00a0\u00bb width_unit=\u00a0\u00bbon\u00a0\u00bb make_equal=\u00a0\u00bboff\u00a0\u00bb use_custom_gutter=\u00a0\u00bboff\u00a0\u00bb gutter_width=\u00a0\u00bb3&Prime;][et_pb_row admin_label=\u00a0\u00bbZeile\u00a0\u00bb][et_pb_column type=\u00a0\u00bb4_4&Prime;][et_pb_text admin_label=\u00a0\u00bbProjets courants\u00a0\u00bb background_layout=\u00a0\u00bblight\u00a0\u00bb text_orientation=\u00a0\u00bbleft\u00a0\u00bb use_border_color=\u00a0\u00bboff\u00a0\u00bb border_color=\u00a0\u00bb#ffffff\u00a0\u00bb border_style=\u00a0\u00bbsolid\u00a0\u00bb text_text_color=\u00a0\u00bb#563513&Prime; text_font_size=\u00a0\u00bb17&Prime;]<\/p>\n<h2><strong>Projets courants<\/strong><\/h2>\n<p>[\/et_pb_text][et_pb_portfolio admin_label=\u00a0\u00bbPortfolio\u00a0\u00bb fullwidth=\u00a0\u00bboff\u00a0\u00bb include_categories=\u00a0\u00bb17&Prime; show_title=\u00a0\u00bbon\u00a0\u00bb show_categories=\u00a0\u00bboff\u00a0\u00bb show_pagination=\u00a0\u00bboff\u00a0\u00bb background_layout=\u00a0\u00bblight\u00a0\u00bb zoom_icon_color=\u00a0\u00bb#545454&Prime; hover_overlay_color=\u00a0\u00bbrgba(232,232,232,0.74)\u00a0\u00bb hover_icon=\u00a0\u00bb%%51%%\u00a0\u00bb title_font_size=\u00a0\u00bb18&Prime; caption_font_size=\u00a0\u00bb14&Prime; use_border_color=\u00a0\u00bboff\u00a0\u00bb border_color=\u00a0\u00bb#ffffff\u00a0\u00bb border_style=\u00a0\u00bbsolid\u00a0\u00bb] [\/et_pb_portfolio][\/et_pb_column][\/et_pb_row][\/et_pb_section][et_pb_section admin_label=\u00a0\u00bbSektion\u00a0\u00bb fullwidth=\u00a0\u00bboff\u00a0\u00bb specialty=\u00a0\u00bboff\u00a0\u00bb transparent_background=\u00a0\u00bboff\u00a0\u00bb allow_player_pause=\u00a0\u00bboff\u00a0\u00bb inner_shadow=\u00a0\u00bboff\u00a0\u00bb parallax=\u00a0\u00bboff\u00a0\u00bb parallax_method=\u00a0\u00bboff\u00a0\u00bb custom_padding=\u00a0\u00bb10px||15px|\u00a0\u00bb padding_mobile=\u00a0\u00bboff\u00a0\u00bb make_fullwidth=\u00a0\u00bboff\u00a0\u00bb use_custom_width=\u00a0\u00bboff\u00a0\u00bb width_unit=\u00a0\u00bbon\u00a0\u00bb make_equal=\u00a0\u00bboff\u00a0\u00bb use_custom_gutter=\u00a0\u00bboff\u00a0\u00bb gutter_width=\u00a0\u00bb3&Prime;][et_pb_row admin_label=\u00a0\u00bbZeile\u00a0\u00bb][et_pb_column type=\u00a0\u00bb4_4&Prime;][et_pb_text admin_label=\u00a0\u00bbProjets r\u00e9alis\u00e9s\u00a0\u00bb background_layout=\u00a0\u00bblight\u00a0\u00bb text_orientation=\u00a0\u00bbleft\u00a0\u00bb use_border_color=\u00a0\u00bboff\u00a0\u00bb border_color=\u00a0\u00bb#ffffff\u00a0\u00bb border_style=\u00a0\u00bbsolid\u00a0\u00bb text_text_color=\u00a0\u00bb#563513&Prime; text_font_size=\u00a0\u00bb17&Prime; custom_padding=\u00a0\u00bb0px||0px|\u00a0\u00bb]<\/p>\n<h2><strong>Projets r\u00e9alis\u00e9s<\/strong><\/h2>\n<p>&nbsp;<\/p>\n<p>[\/et_pb_text][et_pb_portfolio admin_label=\u00a0\u00bbPortfolio\u00a0\u00bb fullwidth=\u00a0\u00bboff\u00a0\u00bb include_categories=\u00a0\u00bb16&Prime; show_title=\u00a0\u00bbon\u00a0\u00bb show_categories=\u00a0\u00bboff\u00a0\u00bb show_pagination=\u00a0\u00bbon\u00a0\u00bb background_layout=\u00a0\u00bblight\u00a0\u00bb hover_overlay_color=\u00a0\u00bbrgba(255,255,255,0.9)\u00a0\u00bb hover_icon=\u00a0\u00bb%%51%%\u00a0\u00bb title_font_size=\u00a0\u00bb18&Prime; caption_font_size=\u00a0\u00bb14&Prime; use_border_color=\u00a0\u00bboff\u00a0\u00bb border_color=\u00a0\u00bb#ffffff\u00a0\u00bb border_style=\u00a0\u00bbsolid\u00a0\u00bb] [\/et_pb_portfolio][\/et_pb_column][\/et_pb_row][\/et_pb_section]<\/p>\n","protected":false},"excerpt":{"rendered":"<p>Un peu d&rsquo;histoire\u00a0&#8230; L\u2019histoire des sherpas rappelle celle des premiers guides de montagne valaisans. Quand les premiers Anglais sont venus escalader les sommets alors jamais gravis de 3000 et 4000 m\u00e8tres, il y a plus de deux cents ans, \u00e0 l\u2019\u00e2ge d\u2019or de l\u2019alpinisme, ils ont engag\u00e9 des jeunes hommes forts des villages alentours. Ils [&hellip;]<\/p>\n","protected":false},"author":5,"featured_media":0,"parent":0,"menu_order":0,"comment_status":"closed","ping_status":"closed","template":"","meta":{"_et_pb_use_builder":"on","_et_pb_old_content":"<p><strong>Laufende Projekte<\/strong><\/p><p>\u00a0<\/p>","_et_gb_content_width":"","footnotes":""},"_links":{"self":[{"href":"http:\/\/swiss-sherpa.org\/fr\/wp-json\/wp\/v2\/pages\/1389"}],"collection":[{"href":"http:\/\/swiss-sherpa.org\/fr\/wp-json\/wp\/v2\/pages"}],"about":[{"href":"http:\/\/swiss-sherpa.org\/fr\/wp-json\/wp\/v2\/types\/page"}],"author":[{"embeddable":true,"href":"http:\/\/swiss-sherpa.org\/fr\/wp-json\/wp\/v2\/users\/5"}],"replies":[{"embeddable":true,"href":"http:\/\/swiss-sherpa.org\/fr\/wp-json\/wp\/v2\/comments?post=1389"}],"version-history":[{"count":10,"href":"http:\/\/swiss-sherpa.org\/fr\/wp-json\/wp\/v2\/pages\/1389\/revisions"}],"predecessor-version":[{"id":2305,"href":"http:\/\/swiss-sherpa.org\/fr\/wp-json\/wp\/v2\/pages\/1389\/revisions\/2305"}],"wp:attachment":[{"href":"http:\/\/swiss-sherpa.org\/fr\/wp-json\/wp\/v2\/media?parent=1389"}],"curies":[{"name":"wp","href":"https:\/\/api.w.org\/{rel}","templated":true}]}}