{"id":1317,"date":"2015-10-16T09:29:08","date_gmt":"2015-10-16T07:29:08","guid":{"rendered":"http:\/\/zgingi.ch\/projects\/swiss-sherpa\/?page_id=1317"},"modified":"2024-02-09T13:00:13","modified_gmt":"2024-02-09T12:00:13","slug":"swiss-sherpa-stiftung","status":"publish","type":"page","link":"http:\/\/swiss-sherpa.org\/fr\/swiss-sherpa-stiftung\/","title":{"rendered":"La Fondation"},"content":{"rendered":"<p>[et_pb_section fb_built=\u00a0\u00bb1&Prime; fullwidth=\u00a0\u00bbon\u00a0\u00bb admin_label=\u00a0\u00bbSektion\u00a0\u00bb _builder_version=\u00a0\u00bb4.16&Prime; global_colors_info=\u00a0\u00bb{}\u00a0\u00bb][et_pb_fullwidth_header title=\u00a0\u00bbFONDATION SWISS SHERPA\u00a0\u00bb text_orientation=\u00a0\u00bbcenter\u00a0\u00bb header_fullscreen=\u00a0\u00bbon\u00a0\u00bb header_scroll_down=\u00a0\u00bbon\u00a0\u00bb scroll_down_icon=\u00a0\u00bb%%4%%\u00a0\u00bb scroll_down_icon_size=\u00a0\u00bb43px\u00a0\u00bb button_one_text=\u00a0\u00bbLe But\u00a0\u00bb button_one_url=\u00a0\u00bb#gotoZweck\u00a0\u00bb background_overlay_color=\u00a0\u00bbrgba(119,119,119,0.5)\u00a0\u00bb content_max_width=\u00a0\u00bbnone\u00a0\u00bb admin_label=\u00a0\u00bbVollbreite Kopfzeile\u00a0\u00bb _builder_version=\u00a0\u00bb4.16&Prime; title_font_size=\u00a0\u00bb52&Prime; content_font_size=\u00a0\u00bb18px\u00a0\u00bb background_color=\u00a0\u00bb#ffffff\u00a0\u00bb background_image=\u00a0\u00bbhttp:\/\/swiss-sherpa.org\/fr\/wp-content\/uploads\/sites\/3\/2015\/08\/SHP_Home_1-e1447078898933.jpg\u00a0\u00bb parallax=\u00a0\u00bbon\u00a0\u00bb parallax_method=\u00a0\u00bbon\u00a0\u00bb button_one_border_radius_hover=\u00a0\u00bb3&Prime; button_two_border_radius_hover=\u00a0\u00bb3&Prime; button_one_letter_spacing_hover=\u00a0\u00bb0&Prime; button_two_letter_spacing_hover=\u00a0\u00bb0&Prime; background_url=\u00a0\u00bbhttp:\/\/swiss-sherpa.org\/fr\/wp-content\/uploads\/sites\/3\/2015\/08\/SHP_Home_1-e1447078898933.jpg\u00a0\u00bb global_colors_info=\u00a0\u00bb{}\u00a0\u00bb button_one_text_size__hover_enabled=\u00a0\u00bboff\u00a0\u00bb button_two_text_size__hover_enabled=\u00a0\u00bboff\u00a0\u00bb button_one_text_color__hover_enabled=\u00a0\u00bboff\u00a0\u00bb button_two_text_color__hover_enabled=\u00a0\u00bboff\u00a0\u00bb button_one_border_width__hover_enabled=\u00a0\u00bboff\u00a0\u00bb button_two_border_width__hover_enabled=\u00a0\u00bboff\u00a0\u00bb button_one_border_color__hover_enabled=\u00a0\u00bboff\u00a0\u00bb button_two_border_color__hover_enabled=\u00a0\u00bboff\u00a0\u00bb button_one_border_radius__hover_enabled=\u00a0\u00bbon\u00a0\u00bb button_one_border_radius__hover=\u00a0\u00bb3&Prime; button_two_border_radius__hover_enabled=\u00a0\u00bbon\u00a0\u00bb button_two_border_radius__hover=\u00a0\u00bb3&Prime; button_one_letter_spacing__hover_enabled=\u00a0\u00bbon\u00a0\u00bb button_one_letter_spacing__hover=\u00a0\u00bb0&Prime; button_two_letter_spacing__hover_enabled=\u00a0\u00bbon\u00a0\u00bb button_two_letter_spacing__hover=\u00a0\u00bb0&Prime; button_one_bg_color__hover_enabled=\u00a0\u00bboff\u00a0\u00bb button_two_bg_color__hover_enabled=\u00a0\u00bboff\u00a0\u00bb] [\/et_pb_fullwidth_header][\/et_pb_section][et_pb_section fb_built=\u00a0\u00bb1&Prime; inner_shadow=\u00a0\u00bbon\u00a0\u00bb custom_padding_last_edited=\u00a0\u00bbon|desktop\u00a0\u00bb admin_label=\u00a0\u00bbsection\u00a0\u00bb module_id=\u00a0\u00bbgotoZweck\u00a0\u00bb _builder_version=\u00a0\u00bb4.16&Prime; background_color=\u00a0\u00bb#e5e5e5&Prime; custom_padding=\u00a0\u00bb15px||15px|\u00a0\u00bb custom_padding_tablet=\u00a0\u00bb50px|0|50px|0&Prime; custom_padding_phone=\u00a0\u00bb\u00a0\u00bb transparent_background=\u00a0\u00bboff\u00a0\u00bb padding_mobile=\u00a0\u00bboff\u00a0\u00bb make_fullwidth=\u00a0\u00bboff\u00a0\u00bb use_custom_width=\u00a0\u00bboff\u00a0\u00bb width_unit=\u00a0\u00bbon\u00a0\u00bb global_colors_info=\u00a0\u00bb{}\u00a0\u00bb][et_pb_row padding_mobile=\u00a0\u00bboff\u00a0\u00bb column_padding_mobile=\u00a0\u00bbon\u00a0\u00bb admin_label=\u00a0\u00bbZeile\u00a0\u00bb _builder_version=\u00a0\u00bb4.16&Prime; background_size=\u00a0\u00bbinitial\u00a0\u00bb background_position=\u00a0\u00bbtop_left\u00a0\u00bb background_repeat=\u00a0\u00bbrepeat\u00a0\u00bb make_fullwidth=\u00a0\u00bboff\u00a0\u00bb use_custom_width=\u00a0\u00bboff\u00a0\u00bb width_unit=\u00a0\u00bbon\u00a0\u00bb global_colors_info=\u00a0\u00bb{}\u00a0\u00bb][et_pb_column type=\u00a0\u00bb4_4&Prime; _builder_version=\u00a0\u00bb4.16&Prime; custom_padding=\u00a0\u00bb|||\u00a0\u00bb global_colors_info=\u00a0\u00bb{}\u00a0\u00bb custom_padding__hover=\u00a0\u00bb|||\u00a0\u00bb][et_pb_text admin_label=\u00a0\u00bbBut de la fondation\u00a0\u00bb module_id=\u00a0\u00bbdiv#gotoZweck\u00a0\u00bb module_class=\u00a0\u00bb.Stiftungszweck\u00a0\u00bb _builder_version=\u00a0\u00bb4.16&Prime; text_font_size=\u00a0\u00bb16&Prime; background_size=\u00a0\u00bbinitial\u00a0\u00bb background_position=\u00a0\u00bbtop_left\u00a0\u00bb background_repeat=\u00a0\u00bbrepeat\u00a0\u00bb text_orientation=\u00a0\u00bbjustified\u00a0\u00bb use_border_color=\u00a0\u00bboff\u00a0\u00bb border_color=\u00a0\u00bb#ffffff\u00a0\u00bb border_style=\u00a0\u00bbsolid\u00a0\u00bb global_colors_info=\u00a0\u00bb{}\u00a0\u00bb]<\/p>\n<h1><strong>But de la fondation<\/strong><\/h1>\n<p style=\"text-align: justify;\">La fondation est d&rsquo;utilit\u00e9 publique\u00a0et\u00a0ne vise\u00a0pas le caract\u00e8re de profit.\u00a0Celle-ci a pour objectif de donner plus d\u2019ind\u00e9pendance aux sherpas et \u00e0 d\u2019autres peuples de montagne.\u00a0L&rsquo;activit\u00e9 principale doit se trouver\u00a0dans des r\u00e9gions de montagne dans lesquelles des activit\u00e9s d&rsquo;Outdoor comme l&rsquo;alpinisme et le trekking peuvent contribuerau\u00a0pour le d\u00e9veloppement \u00e9conomique.<\/p>\n<p style=\"text-align: justify;\">En outre, la fondation\u00a0vise au soutien des sherpas et des autres peuples de montagne se retrouvant dans le besoin, incluant les membres de leur\u00a0famille.<\/p>\n<p style=\"text-align: justify;\">La fondation peut \u00e9galement s\u2019engager dans d\u2019autres projets d\u2019utilit\u00e9 publique, pour autant qu\u2019ils correspondent au but de la fondation.<\/p>\n<p style=\"text-align: justify;\">La fondation\u00a0Swiss-Sherpa est soumise\u00a0\u00e0\u00a0l&rsquo;autorit\u00e9 f\u00e9d\u00e9rale de surveillance des fondations. Elle a un caract\u00e8re d&rsquo;utilit\u00e9 publique et ne vise aucun but lucratif\u00a0ou de profit.<\/p>\n<p>[\/et_pb_text][et_pb_divider show_divider=\u00a0\u00bboff\u00a0\u00bb disabled_on=\u00a0\u00bbon|on|off\u00a0\u00bb admin_label=\u00a0\u00bbTeiler\u00a0\u00bb _builder_version=\u00a0\u00bb4.16&Prime; height=\u00a0\u00bb10px\u00a0\u00bb hide_on_mobile=\u00a0\u00bbon\u00a0\u00bb global_colors_info=\u00a0\u00bb{}\u00a0\u00bb] [\/et_pb_divider][\/et_pb_column][\/et_pb_row][\/et_pb_section][et_pb_section fb_built=\u00a0\u00bb1&Prime; custom_padding_last_edited=\u00a0\u00bbon|desktop\u00a0\u00bb admin_label=\u00a0\u00bbSektion\u00a0\u00bb module_id=\u00a0\u00bb#gotoRat\u00a0\u00bb _builder_version=\u00a0\u00bb4.16&Prime; custom_padding=\u00a0\u00bb5px||15px|\u00a0\u00bb custom_padding_tablet=\u00a0\u00bb50px|0|50px|0&Prime; custom_padding_phone=\u00a0\u00bb\u00a0\u00bb transparent_background=\u00a0\u00bboff\u00a0\u00bb padding_mobile=\u00a0\u00bboff\u00a0\u00bb make_fullwidth=\u00a0\u00bboff\u00a0\u00bb use_custom_width=\u00a0\u00bboff\u00a0\u00bb width_unit=\u00a0\u00bbon\u00a0\u00bb global_colors_info=\u00a0\u00bb{}\u00a0\u00bb][et_pb_row column_structure=\u00a0\u00bb1_4,1_4,1_4,1_4&Prime; padding_mobile=\u00a0\u00bboff\u00a0\u00bb column_padding_mobile=\u00a0\u00bbon\u00a0\u00bb admin_label=\u00a0\u00bbrow\u00a0\u00bb module_class=\u00a0\u00bbStiftungsrat\u00a0\u00bb _builder_version=\u00a0\u00bb4.16&Prime; background_size=\u00a0\u00bbinitial\u00a0\u00bb background_position=\u00a0\u00bbtop_left\u00a0\u00bb background_repeat=\u00a0\u00bbrepeat\u00a0\u00bb custom_margin=\u00a0\u00bb||0px|\u00a0\u00bb make_fullwidth=\u00a0\u00bboff\u00a0\u00bb use_custom_width=\u00a0\u00bboff\u00a0\u00bb width_unit=\u00a0\u00bbon\u00a0\u00bb global_colors_info=\u00a0\u00bb{}\u00a0\u00bb][et_pb_column type=\u00a0\u00bb1_4&Prime; _builder_version=\u00a0\u00bb4.16&Prime; custom_padding=\u00a0\u00bb|||\u00a0\u00bb global_colors_info=\u00a0\u00bb{}\u00a0\u00bb custom_padding__hover=\u00a0\u00bb|||\u00a0\u00bb][et_pb_divider show_divider=\u00a0\u00bboff\u00a0\u00bb disabled_on=\u00a0\u00bbon|on|off\u00a0\u00bb admin_label=\u00a0\u00bbTeiler\u00a0\u00bb _builder_version=\u00a0\u00bb4.16&Prime; height=\u00a0\u00bb15px\u00a0\u00bb hide_on_mobile=\u00a0\u00bbon\u00a0\u00bb global_colors_info=\u00a0\u00bb{}\u00a0\u00bb] [\/et_pb_divider][et_pb_text admin_label=\u00a0\u00bbMembres du conseil\u00a0\u00bb _builder_version=\u00a0\u00bb4.16&Prime; text_font_size=\u00a0\u00bb32&Prime; background_size=\u00a0\u00bbinitial\u00a0\u00bb background_position=\u00a0\u00bbtop_left\u00a0\u00bb background_repeat=\u00a0\u00bbrepeat\u00a0\u00bb use_border_color=\u00a0\u00bboff\u00a0\u00bb border_color=\u00a0\u00bb#ffffff\u00a0\u00bb border_style=\u00a0\u00bbsolid\u00a0\u00bb global_colors_info=\u00a0\u00bb{}\u00a0\u00bb]<span style=\"color: #000000;\"><strong>Conseil de fondation<\/strong><\/span><br \/>\n[\/et_pb_text][\/et_pb_column][et_pb_column type=\u00a0\u00bb1_4&Prime; _builder_version=\u00a0\u00bb4.16&Prime; custom_padding=\u00a0\u00bb|||\u00a0\u00bb global_colors_info=\u00a0\u00bb{}\u00a0\u00bb custom_padding__hover=\u00a0\u00bb|||\u00a0\u00bb][et_pb_blurb title=\u00a0\u00bbPatrick Z&rsquo;Brun, Salgesch\u00a0\u00bb image=\u00a0\u00bbhttp:\/\/swiss-sherpa.org\/fr\/wp-content\/uploads\/sites\/3\/2015\/11\/Everest-PZ011.jpg\u00a0\u00bb image_icon_width=\u00a0\u00bbnone\u00a0\u00bb admin_label=\u00a0\u00bbPZ\u00a0\u00bb _builder_version=\u00a0\u00bb4.16&Prime; header_font_size=\u00a0\u00bb16&Prime; body_font_size=\u00a0\u00bb12&Prime; background_size=\u00a0\u00bbinitial\u00a0\u00bb background_position=\u00a0\u00bbtop_left\u00a0\u00bb background_repeat=\u00a0\u00bbrepeat\u00a0\u00bb text_orientation=\u00a0\u00bbcenter\u00a0\u00bb custom_margin=\u00a0\u00bb|15px||15px\u00a0\u00bb animation=\u00a0\u00bboff\u00a0\u00bb use_border_color=\u00a0\u00bboff\u00a0\u00bb border_color=\u00a0\u00bb#ffffff\u00a0\u00bb border_style=\u00a0\u00bbsolid\u00a0\u00bb image_max_width=\u00a0\u00bbnone\u00a0\u00bb global_colors_info=\u00a0\u00bb{}\u00a0\u00bb]Pr\u00e9sident, Guide de montagne, 1983 premier\u00a0exp\u00e9dition Himalaya, 2008 ascension Everest, Proprietaire\u00a0Vins des Chevaliers<br \/>\n[\/et_pb_blurb][\/et_pb_column][et_pb_column type=\u00a0\u00bb1_4&Prime; _builder_version=\u00a0\u00bb4.16&Prime; _module_preset=\u00a0\u00bbdefault\u00a0\u00bb global_colors_info=\u00a0\u00bb{}\u00a0\u00bb][\/et_pb_column][et_pb_column type=\u00a0\u00bb1_4&Prime; _builder_version=\u00a0\u00bb4.16&Prime; _module_preset=\u00a0\u00bbdefault\u00a0\u00bb global_colors_info=\u00a0\u00bb{}\u00a0\u00bb][et_pb_blurb title=\u00a0\u00bbMeinrad Bittel, Visp\u00a0\u00bb image=\u00a0\u00bbhttp:\/\/swiss-sherpa.org\/fr\/wp-content\/uploads\/sites\/3\/2015\/10\/Pitsch.jpg\u00a0\u00bb image_icon_width=\u00a0\u00bb170px\u00a0\u00bb admin_label=\u00a0\u00bbMeinrad\u00a0\u00bb _builder_version=\u00a0\u00bb4.16&Prime; header_font_size=\u00a0\u00bb16&Prime; body_font_size=\u00a0\u00bb12&Prime; background_size=\u00a0\u00bbinitial\u00a0\u00bb background_position=\u00a0\u00bbtop_left\u00a0\u00bb background_repeat=\u00a0\u00bbrepeat\u00a0\u00bb text_orientation=\u00a0\u00bbcenter\u00a0\u00bb animation=\u00a0\u00bboff\u00a0\u00bb use_border_color=\u00a0\u00bboff\u00a0\u00bb border_color=\u00a0\u00bb#ffffff\u00a0\u00bb border_style=\u00a0\u00bbsolid\u00a0\u00bb image_max_width=\u00a0\u00bb170px\u00a0\u00bb global_colors_info=\u00a0\u00bb{}\u00a0\u00bb]Membre, Guide de montagne, 1983 premier\u00a0exp\u00e9dition Himalaya, 2008 ascension Everest<br \/>\n[\/et_pb_blurb][\/et_pb_column][\/et_pb_row][et_pb_row column_structure=\u00a0\u00bb1_4,1_4,1_4,1_4&Prime; padding_mobile=\u00a0\u00bboff\u00a0\u00bb column_padding_mobile=\u00a0\u00bbon\u00a0\u00bb admin_label=\u00a0\u00bbZeile\u00a0\u00bb _builder_version=\u00a0\u00bb4.16&Prime; background_size=\u00a0\u00bbinitial\u00a0\u00bb background_position=\u00a0\u00bbtop_left\u00a0\u00bb background_repeat=\u00a0\u00bbrepeat\u00a0\u00bb custom_margin=\u00a0\u00bb0px|||\u00a0\u00bb make_fullwidth=\u00a0\u00bboff\u00a0\u00bb use_custom_width=\u00a0\u00bboff\u00a0\u00bb width_unit=\u00a0\u00bbon\u00a0\u00bb global_colors_info=\u00a0\u00bb{}\u00a0\u00bb][et_pb_column type=\u00a0\u00bb1_4&Prime; _builder_version=\u00a0\u00bb4.16&Prime; custom_padding=\u00a0\u00bb|||\u00a0\u00bb global_colors_info=\u00a0\u00bb{}\u00a0\u00bb custom_padding__hover=\u00a0\u00bb|||\u00a0\u00bb][\/et_pb_column][et_pb_column type=\u00a0\u00bb1_4&Prime; _builder_version=\u00a0\u00bb4.16&Prime; _module_preset=\u00a0\u00bbdefault\u00a0\u00bb global_colors_info=\u00a0\u00bb{}\u00a0\u00bb][et_pb_blurb title=\u00a0\u00bbValentin Z&rsquo;Brun, Sierre\u00a0\u00bb image=\u00a0\u00bbhttp:\/\/swiss-sherpa.org\/wp-content\/uploads\/2021\/05\/Valentin2021-2.jpg\u00a0\u00bb content_max_width=\u00a0\u00bb986px\u00a0\u00bb admin_label=\u00a0\u00bbValentin\u00a0\u00bb _builder_version=\u00a0\u00bb4.16&Prime; header_font_size=\u00a0\u00bb16&Prime; body_font_size=\u00a0\u00bb12&Prime; background_size=\u00a0\u00bbinitial\u00a0\u00bb background_position=\u00a0\u00bbtop_left\u00a0\u00bb background_repeat=\u00a0\u00bbrepeat\u00a0\u00bb text_orientation=\u00a0\u00bbcenter\u00a0\u00bb custom_margin=\u00a0\u00bb0px||||false|false\u00a0\u00bb custom_padding=\u00a0\u00bb0px||||false|false\u00a0\u00bb animation=\u00a0\u00bboff\u00a0\u00bb use_border_color=\u00a0\u00bboff\u00a0\u00bb border_color=\u00a0\u00bb#ffffff\u00a0\u00bb border_style=\u00a0\u00bbsolid\u00a0\u00bb locked=\u00a0\u00bboff\u00a0\u00bb global_colors_info=\u00a0\u00bb{}\u00a0\u00bb]<\/p>\n<p><a href=\"http:\/\/swiss-sherpa.org\/wp-content\/uploads\/2021\/05\/Valentin2021.jpg\"><\/a>Membre<\/p>\n<p>Social Media Manager,<br \/> Mountain climber, trekking in Pakistan<\/p>\n<p>[\/et_pb_blurb][\/et_pb_column][et_pb_column type=\u00a0\u00bb1_4&Prime; _builder_version=\u00a0\u00bb4.20.2&Prime; _module_preset=\u00a0\u00bbdefault\u00a0\u00bb global_colors_info=\u00a0\u00bb{}\u00a0\u00bb][et_pb_blurb title=\u00a0\u00bbKari Kobler, Gasel BE\u00a0\u00bb image=\u00a0\u00bbhttp:\/\/swiss-sherpa.org\/fr\/wp-content\/uploads\/sites\/3\/2015\/10\/kari_kobler.jpg\u00a0\u00bb image_icon_width=\u00a0\u00bbnone\u00a0\u00bb admin_label=\u00a0\u00bbKari\u00a0\u00bb _builder_version=\u00a0\u00bb4.16&Prime; header_font_size=\u00a0\u00bb16&Prime; body_font_size=\u00a0\u00bb12&Prime; background_size=\u00a0\u00bbinitial\u00a0\u00bb background_position=\u00a0\u00bbtop_left\u00a0\u00bb background_repeat=\u00a0\u00bbrepeat\u00a0\u00bb text_orientation=\u00a0\u00bbcenter\u00a0\u00bb animation=\u00a0\u00bboff\u00a0\u00bb use_border_color=\u00a0\u00bboff\u00a0\u00bb border_color=\u00a0\u00bb#ffffff\u00a0\u00bb border_style=\u00a0\u00bbsolid\u00a0\u00bb image_max_width=\u00a0\u00bbnone\u00a0\u00bb global_colors_info=\u00a0\u00bb{}\u00a0\u00bb]Membre, Guide de montagne, plusieures ascensions de l&rsquo;Everest et d&rsquo;autres 8000, partenaire de Kobler &amp; Partner<br \/>\n[\/et_pb_blurb][\/et_pb_column][et_pb_column type=\u00a0\u00bb1_4&Prime; _builder_version=\u00a0\u00bb4.20.2&Prime; _module_preset=\u00a0\u00bbdefault\u00a0\u00bb global_colors_info=\u00a0\u00bb{}\u00a0\u00bb][et_pb_blurb title=\u00a0\u00bbHerold Albrecht, Remetschwil\u00a0\u00bb image=\u00a0\u00bbhttp:\/\/swiss-sherpa.org\/wp-content\/uploads\/2015\/10\/Herold_02.jpg\u00a0\u00bb image_icon_width=\u00a0\u00bbnone\u00a0\u00bb admin_label=\u00a0\u00bbHerold\u00a0\u00bb _builder_version=\u00a0\u00bb4.16&Prime; header_font_size=\u00a0\u00bb16&Prime; body_font_size=\u00a0\u00bb12&Prime; background_size=\u00a0\u00bbinitial\u00a0\u00bb background_position=\u00a0\u00bbtop_left\u00a0\u00bb background_repeat=\u00a0\u00bbrepeat\u00a0\u00bb text_orientation=\u00a0\u00bbcenter\u00a0\u00bb animation=\u00a0\u00bboff\u00a0\u00bb use_border_color=\u00a0\u00bboff\u00a0\u00bb border_color=\u00a0\u00bb#ffffff\u00a0\u00bb border_style=\u00a0\u00bbsolid\u00a0\u00bb image_max_width=\u00a0\u00bbnone\u00a0\u00bb global_colors_info=\u00a0\u00bb{}\u00a0\u00bb]<\/p>\n<p>Membre<\/p>\n<p>Alpiniste, exp\u00e9ditions et trekkings \u00e0 Nepal<\/p>\n<p>[\/et_pb_blurb][\/et_pb_column][\/et_pb_row][\/et_pb_section]<\/p>\n","protected":false},"excerpt":{"rendered":"<p>But de la fondation La fondation est d&rsquo;utilit\u00e9 publique\u00a0et\u00a0ne vise\u00a0pas le caract\u00e8re de profit.\u00a0Celle-ci a pour objectif de donner plus d\u2019ind\u00e9pendance aux sherpas et \u00e0 d\u2019autres peuples de montagne.\u00a0L&rsquo;activit\u00e9 principale doit se trouver\u00a0dans des r\u00e9gions de montagne dans lesquelles des activit\u00e9s d&rsquo;Outdoor comme l&rsquo;alpinisme et le trekking peuvent contribuerau\u00a0pour le d\u00e9veloppement \u00e9conomique. En outre, la [&hellip;]<\/p>\n","protected":false},"author":5,"featured_media":0,"parent":0,"menu_order":0,"comment_status":"closed","ping_status":"closed","template":"","meta":{"_et_pb_use_builder":"on","_et_pb_old_content":"","_et_gb_content_width":"","footnotes":""},"_links":{"self":[{"href":"http:\/\/swiss-sherpa.org\/fr\/wp-json\/wp\/v2\/pages\/1317"}],"collection":[{"href":"http:\/\/swiss-sherpa.org\/fr\/wp-json\/wp\/v2\/pages"}],"about":[{"href":"http:\/\/swiss-sherpa.org\/fr\/wp-json\/wp\/v2\/types\/page"}],"author":[{"embeddable":true,"href":"http:\/\/swiss-sherpa.org\/fr\/wp-json\/wp\/v2\/users\/5"}],"replies":[{"embeddable":true,"href":"http:\/\/swiss-sherpa.org\/fr\/wp-json\/wp\/v2\/comments?post=1317"}],"version-history":[{"count":16,"href":"http:\/\/swiss-sherpa.org\/fr\/wp-json\/wp\/v2\/pages\/1317\/revisions"}],"predecessor-version":[{"id":2570,"href":"http:\/\/swiss-sherpa.org\/fr\/wp-json\/wp\/v2\/pages\/1317\/revisions\/2570"}],"wp:attachment":[{"href":"http:\/\/swiss-sherpa.org\/fr\/wp-json\/wp\/v2\/media?parent=1317"}],"curies":[{"name":"wp","href":"https:\/\/api.w.org\/{rel}","templated":true}]}}